{"id":14,"date":"2013-02-01T23:28:37","date_gmt":"2013-02-01T22:28:37","guid":{"rendered":"http:\/\/gsa-ziegelmeyer.de\/?page_id=14"},"modified":"2013-02-22T11:55:44","modified_gmt":"2013-02-22T10:55:44","slug":"stadtebaulicher-schallschutz","status":"publish","type":"page","link":"https:\/\/www.gsa-ziegelmeyer.de\/index.php\/leistungen\/stadtebaulicher-schallschutz\/","title":{"rendered":"St\u00e4dtebaulicher Schallschutz"},"content":{"rendered":"<style type=\"text\/css\"><!--\nli {color: red;}\nli span {color: #595959; line-height: 190%}\n--><\/style>\n<h1>St\u00e4dtebaulicher <span style=\"color: #ff0000;\">Schallschutz<\/span><\/h1>\n<h1>\n<div class=\"clear\"><\/div><div class=\"gdl-divider gdl-border-x top\"><div class=\"scroll-top\"><\/div><\/div>\n<\/h1>\n<p>Der st\u00e4dtebauliche Schallschutz umfasst in erster Linie die schalltechnischen Untersuchungen und Begutachtungen von Gebieten zur Einbindung in Bebauungs- und Fl\u00e4chennutzungspl\u00e4nen. Zur Vermeidung und L\u00f6sung von Konfliktsituationen in Nutzungsgebieten, insbesondere in Wohngebieten, ist eine fr\u00fchzeitige Einbindung schallschutzrelevanter Themen notwendig. Wir verf\u00fcgen \u00fcber umfangreiche Erfahrungen im st\u00e4dtebaulichen Schallschutz und werden gerne f\u00fcr Sie t\u00e4tig.<\/p>\n<p><strong><br \/>\nFolgende Leistungen bieten wir an:<\/strong><\/p>\n<ul style=\"list-style-type: square;\">\n<li><span>Gutachten zu Bebauungspl\u00e4nen, die Beurteilung von Nutzungsgebieten und die Konfliktl\u00f6sung in Gemengelagen im Rahmen der Bauleitplanung<\/span><\/li>\n<li><span>Emissionskontingentierung<\/span><\/li>\n<li><span>L\u00e4rmminderungsplanung, L\u00e4rmkartierung und L\u00e4rmaktionsplanung nach EU-Umgebungsl\u00e4rm-Richtlinie<\/span><\/li>\n<li><span>Immissionsprognosen f\u00fcr die Bauleitplanung und f\u00fcr Planfeststellungsverfahren<\/span><\/li>\n<li><span>Immissionsmessungen zur Beurteilung existierender L\u00e4rmquellen wie Stra\u00dfen-, Flug- und Schienenverkehr und deren Einfluss auf die rechtlich sichere Gebietsentwicklung<\/span><\/li>\n<li><span>Erstellen von Antragsunterlagen f\u00fcr Genehmigungsverfahren nach BImSchG<\/span><\/li>\n<\/ul>\n","protected":false},"excerpt":{"rendered":"<p>St\u00e4dtebaulicher Schallschutz Der st\u00e4dtebauliche Schallschutz umfasst in erster Linie die schalltechnischen Untersuchungen und Begutachtungen von Gebieten zur Einbindung in Bebauungs- und Fl\u00e4chennutzungspl\u00e4nen. Zur Vermeidung und L\u00f6sung von Konfliktsituationen in Nutzungsgebieten, insbesondere in Wohngebieten, ist eine fr\u00fchzeitige Einbindung schallschutzrelevanter Themen notwendig. Wir verf\u00fcgen \u00fcber umfangreiche Erfahrungen im st\u00e4dtebaulichen Schallschutz und werden gerne f\u00fcr Sie t\u00e4tig. Folgende Leistungen bieten wir an: Gutachten zu Bebauungspl\u00e4nen, die Beurteilung von Nutzungsgebieten und die Konfliktl\u00f6sung in Gemengelagen im Rahmen der Bauleitplanung Emissionskontingentierung L\u00e4rmminderungsplanung, L\u00e4rmkartierung und L\u00e4rmaktionsplanung nach EU-Umgebungsl\u00e4rm-Richtlinie Immissionsprognosen f\u00fcr die Bauleitplanung und f\u00fcr Planfeststellungsverfahren Immissionsmessungen zur Beurteilung existierender L\u00e4rmquellen wie Stra\u00dfen-, Flug- und Schienenverkehr und deren Einfluss auf die rechtlich sichere Gebietsentwicklung Erstellen von Antragsunterlagen f\u00fcr Genehmigungsverfahren nach BImSchG<\/p>\n","protected":false},"author":1,"featured_media":0,"parent":8,"menu_order":0,"comment_status":"open","ping_status":"open","template":"","meta":{"footnotes":""},"class_list":["post-14","page","type-page","status-publish","hentry"],"_links":{"self":[{"href":"https:\/\/www.gsa-ziegelmeyer.de\/index.php\/wp-json\/wp\/v2\/pages\/14","targetHints":{"allow":["GET"]}}],"collection":[{"href":"https:\/\/www.gsa-ziegelmeyer.de\/index.php\/wp-json\/wp\/v2\/pages"}],"about":[{"href":"https:\/\/www.gsa-ziegelmeyer.de\/index.php\/wp-json\/wp\/v2\/types\/page"}],"author":[{"embeddable":true,"href":"https:\/\/www.gsa-ziegelmeyer.de\/index.php\/wp-json\/wp\/v2\/users\/1"}],"replies":[{"embeddable":true,"href":"https:\/\/www.gsa-ziegelmeyer.de\/index.php\/wp-json\/wp\/v2\/comments?post=14"}],"version-history":[{"count":42,"href":"https:\/\/www.gsa-ziegelmeyer.de\/index.php\/wp-json\/wp\/v2\/pages\/14\/revisions"}],"predecessor-version":[{"id":100,"href":"https:\/\/www.gsa-ziegelmeyer.de\/index.php\/wp-json\/wp\/v2\/pages\/14\/revisions\/100"}],"up":[{"embeddable":true,"href":"https:\/\/www.gsa-ziegelmeyer.de\/index.php\/wp-json\/wp\/v2\/pages\/8"}],"wp:attachment":[{"href":"https:\/\/www.gsa-ziegelmeyer.de\/index.php\/wp-json\/wp\/v2\/media?parent=14"}],"curies":[{"name":"wp","href":"https:\/\/api.w.org\/{rel}","templated":true}]}}