{"id":17,"date":"2013-02-01T23:28:01","date_gmt":"2013-02-01T22:28:01","guid":{"rendered":"http:\/\/gsa-ziegelmeyer.de\/?page_id=17"},"modified":"2013-02-22T11:56:55","modified_gmt":"2013-02-22T10:56:55","slug":"gewerbe-und-industrie","status":"publish","type":"page","link":"https:\/\/www.gsa-ziegelmeyer.de\/index.php\/leistungen\/gewerbe-und-industrie\/","title":{"rendered":"Gewerbe und Industrie"},"content":{"rendered":"<style type=\"text\/css\"><!--\nli {color: red;}\nli span {color: #595959; line-height: 190%}\n--><\/style>\n<h1>Gewerbe und <span style=\"color: #ff0000;\">Industrie<\/span><\/h1>\n<h1>\n<div class=\"clear\"><\/div><div class=\"gdl-divider gdl-border-x top\"><div class=\"scroll-top\"><\/div><\/div>\n<\/h1>\n<p>Ob Handwerksbetrieb, Gastst\u00e4tte, Diskothek, Logistikzentrum, tempor\u00e4re Baustelle oder Kraftwerk, im Umfeld von Industrie- und Gewerbeanlagen entstehen in der Regel erh\u00f6hte L\u00e4rmbelastungen. Mit schalltechnischen Betriebsanalysen kann der Einfluss dieser Anlagen auf das angrenze Umfeld ermittelt, bewertet und die Vertr\u00e4glichkeit zu anderen Nutzungen beurteilt werden.<\/p>\n<p><strong><br \/>\nFolgende Leistungen bieten wir an:<\/strong><\/p>\n<ul style=\"list-style-type: square;\">\n<li><span>Langzeitmessungen und L\u00e4rmmonitoring im Umfeld von Baustellen zur rechtssicheren Dokumentation<\/span><\/li>\n<li><span>Schallimmissionsmessungen nach BimSchG an Bestandsanlagen zur Ermittlung der relevanten Emissionen<\/span><\/li>\n<li><span>Schalltechnische Immissionsprognosen und Ausbreitungsberechnungen zur Prognostizierung der k\u00fcnftigen Ger\u00e4uschbelastung Rahmen von Bauleitplan- und Genehmigungsverfahren nach TA L\u00e4rm<\/span><\/li>\n<li><span>Fachliche Beratung und Begleitung von Planungsprozessen und Genehmigungsverfahren f\u00fcr Betriebserweiterungen und Neubauten<\/span><\/li>\n<li><span>Erarbeitung von Schallschutzma\u00dfnahmen, L\u00e4rmsanierungsma\u00dfnahmen und \u2013Konzepten bei \u00dcberschreitung der Immissionsrichtwerte<\/span><\/li>\n<li><span>Ger\u00e4uschkontingentierung<\/span><\/li>\n<li><span>L\u00e4rmminderung am Arbeitsplatz<\/span><\/li>\n<\/ul>\n","protected":false},"excerpt":{"rendered":"<p>Gewerbe und Industrie Ob Handwerksbetrieb, Gastst\u00e4tte, Diskothek, Logistikzentrum, tempor\u00e4re Baustelle oder Kraftwerk, im Umfeld von Industrie- und Gewerbeanlagen entstehen in der Regel erh\u00f6hte L\u00e4rmbelastungen. Mit schalltechnischen Betriebsanalysen kann der Einfluss dieser Anlagen auf das angrenze Umfeld ermittelt, bewertet und die Vertr\u00e4glichkeit zu anderen Nutzungen beurteilt werden. Folgende Leistungen bieten wir an: Langzeitmessungen und L\u00e4rmmonitoring im Umfeld von Baustellen zur rechtssicheren Dokumentation Schallimmissionsmessungen nach BimSchG an Bestandsanlagen zur Ermittlung der relevanten Emissionen Schalltechnische Immissionsprognosen und Ausbreitungsberechnungen zur Prognostizierung der k\u00fcnftigen Ger\u00e4uschbelastung Rahmen von Bauleitplan- und Genehmigungsverfahren nach TA L\u00e4rm Fachliche Beratung und Begleitung von Planungsprozessen und Genehmigungsverfahren f\u00fcr Betriebserweiterungen und Neubauten Erarbeitung von Schallschutzma\u00dfnahmen, L\u00e4rmsanierungsma\u00dfnahmen und \u2013Konzepten bei \u00dcberschreitung der Immissionsrichtwerte Ger\u00e4uschkontingentierung L\u00e4rmminderung am Arbeitsplatz<\/p>\n","protected":false},"author":1,"featured_media":0,"parent":8,"menu_order":0,"comment_status":"open","ping_status":"closed","template":"","meta":{"footnotes":""},"class_list":["post-17","page","type-page","status-publish","hentry"],"_links":{"self":[{"href":"https:\/\/www.gsa-ziegelmeyer.de\/index.php\/wp-json\/wp\/v2\/pages\/17","targetHints":{"allow":["GET"]}}],"collection":[{"href":"https:\/\/www.gsa-ziegelmeyer.de\/index.php\/wp-json\/wp\/v2\/pages"}],"about":[{"href":"https:\/\/www.gsa-ziegelmeyer.de\/index.php\/wp-json\/wp\/v2\/types\/page"}],"author":[{"embeddable":true,"href":"https:\/\/www.gsa-ziegelmeyer.de\/index.php\/wp-json\/wp\/v2\/users\/1"}],"replies":[{"embeddable":true,"href":"https:\/\/www.gsa-ziegelmeyer.de\/index.php\/wp-json\/wp\/v2\/comments?post=17"}],"version-history":[{"count":31,"href":"https:\/\/www.gsa-ziegelmeyer.de\/index.php\/wp-json\/wp\/v2\/pages\/17\/revisions"}],"predecessor-version":[{"id":145,"href":"https:\/\/www.gsa-ziegelmeyer.de\/index.php\/wp-json\/wp\/v2\/pages\/17\/revisions\/145"}],"up":[{"embeddable":true,"href":"https:\/\/www.gsa-ziegelmeyer.de\/index.php\/wp-json\/wp\/v2\/pages\/8"}],"wp:attachment":[{"href":"https:\/\/www.gsa-ziegelmeyer.de\/index.php\/wp-json\/wp\/v2\/media?parent=17"}],"curies":[{"name":"wp","href":"https:\/\/api.w.org\/{rel}","templated":true}]}}