{"id":18,"date":"2013-02-01T23:27:49","date_gmt":"2013-02-01T22:27:49","guid":{"rendered":"http:\/\/gsa-ziegelmeyer.de\/?page_id=18"},"modified":"2013-10-03T12:03:22","modified_gmt":"2013-10-03T10:03:22","slug":"raum-und-bauakustik","status":"publish","type":"page","link":"https:\/\/www.gsa-ziegelmeyer.de\/index.php\/leistungen\/raum-und-bauakustik\/","title":{"rendered":"Raum- und Bauakustik"},"content":{"rendered":"<style type=\"text\/css\"><!--\nli {color: red;}\nli span {color: #595959; line-height: 190%}\n--><\/style>\n<h1>Raum- und <span style=\"color: #ff0000;\">Bauakustik<\/span><\/h1>\n<h1>\n<div class=\"clear\"><\/div><div class=\"gdl-divider gdl-border-x top\"><div class=\"scroll-top\"><\/div><\/div>\n<\/h1>\n<p>Die Bauakustik besch\u00e4ftigt sich mit dem Schallschutz trennender Bauteile innerhalb von Geb\u00e4uden.<\/p>\n<p>Besondere Relevanz hat die Tritt- und Luftschalld\u00e4mmung bei schutzbed\u00fcrftigen Wohn- und B\u00fcror\u00e4umen, Schulen und Kinderg\u00e4rten gegen\u00fcber jeglicher Art von Ger\u00e4uscheinwirkungen.<\/p>\n<p><strong><br \/>\nUnsere Leistungen umfassen:<\/strong><\/p>\n<ul style=\"list-style-type: square;\">\n<li><span>Individuelle Beratung und Festlegung der Schutzanforderungen gem\u00e4\u00df der rechtlichen Anforderungen und des optimierten Schallschutzes in Geb\u00e4uden<\/span><\/li>\n<li><span>Messtechnische Bestandsermittlung zur Feststellung und Beurteilung von Schadensf\u00e4llen<\/span><\/li>\n<li><span>Schallschutznachweise und Planung des Luft- und Trittschallschutzes in Geb\u00e4uden gem\u00e4\u00df DIN 4109<\/span><\/li>\n<li><span>Mitwirkung bei Ausf\u00fchrungsplanung, Ausschreibung, Vergabe und Fachbauleitung von Schallschutzma\u00dfnahmen<\/span><\/li>\n<li><span>Eignungspr\u00fcfungen f\u00fcr Fenster, T\u00fcren, Innen-, Au\u00dfen- und Montagew\u00e4nde, Fu\u00dfb\u00f6den und Decken<\/span><\/li>\n<li><span>Abnahmemessungen und Erstellen von Gutachten<\/span><\/li>\n<\/ul>\n","protected":false},"excerpt":{"rendered":"<p>Raum- und Bauakustik Die Bauakustik besch\u00e4ftigt sich mit dem Schallschutz trennender Bauteile innerhalb von Geb\u00e4uden. Besondere Relevanz hat die Tritt- und Luftschalld\u00e4mmung bei schutzbed\u00fcrftigen Wohn- und B\u00fcror\u00e4umen, Schulen und Kinderg\u00e4rten gegen\u00fcber jeglicher Art von Ger\u00e4uscheinwirkungen. Unsere Leistungen umfassen: Individuelle Beratung und Festlegung der Schutzanforderungen gem\u00e4\u00df der rechtlichen Anforderungen und des optimierten Schallschutzes in Geb\u00e4uden Messtechnische Bestandsermittlung zur Feststellung und Beurteilung von Schadensf\u00e4llen Schallschutznachweise und Planung des Luft- und Trittschallschutzes in Geb\u00e4uden gem\u00e4\u00df DIN 4109 Mitwirkung bei Ausf\u00fchrungsplanung, Ausschreibung, Vergabe und Fachbauleitung von Schallschutzma\u00dfnahmen Eignungspr\u00fcfungen f\u00fcr Fenster, T\u00fcren, Innen-, Au\u00dfen- und Montagew\u00e4nde, Fu\u00dfb\u00f6den und Decken Abnahmemessungen und Erstellen von Gutachten<\/p>\n","protected":false},"author":1,"featured_media":0,"parent":8,"menu_order":0,"comment_status":"open","ping_status":"open","template":"","meta":{"footnotes":""},"class_list":["post-18","page","type-page","status-publish","hentry"],"_links":{"self":[{"href":"https:\/\/www.gsa-ziegelmeyer.de\/index.php\/wp-json\/wp\/v2\/pages\/18","targetHints":{"allow":["GET"]}}],"collection":[{"href":"https:\/\/www.gsa-ziegelmeyer.de\/index.php\/wp-json\/wp\/v2\/pages"}],"about":[{"href":"https:\/\/www.gsa-ziegelmeyer.de\/index.php\/wp-json\/wp\/v2\/types\/page"}],"author":[{"embeddable":true,"href":"https:\/\/www.gsa-ziegelmeyer.de\/index.php\/wp-json\/wp\/v2\/users\/1"}],"replies":[{"embeddable":true,"href":"https:\/\/www.gsa-ziegelmeyer.de\/index.php\/wp-json\/wp\/v2\/comments?post=18"}],"version-history":[{"count":21,"href":"https:\/\/www.gsa-ziegelmeyer.de\/index.php\/wp-json\/wp\/v2\/pages\/18\/revisions"}],"predecessor-version":[{"id":148,"href":"https:\/\/www.gsa-ziegelmeyer.de\/index.php\/wp-json\/wp\/v2\/pages\/18\/revisions\/148"}],"up":[{"embeddable":true,"href":"https:\/\/www.gsa-ziegelmeyer.de\/index.php\/wp-json\/wp\/v2\/pages\/8"}],"wp:attachment":[{"href":"https:\/\/www.gsa-ziegelmeyer.de\/index.php\/wp-json\/wp\/v2\/media?parent=18"}],"curies":[{"name":"wp","href":"https:\/\/api.w.org\/{rel}","templated":true}]}}