{"id":6,"date":"2013-02-01T22:59:04","date_gmt":"2013-02-01T21:59:04","guid":{"rendered":"http:\/\/gsa-ziegelmeyer.de\/?page_id=6"},"modified":"2013-03-31T18:26:00","modified_gmt":"2013-03-31T16:26:00","slug":"profil","status":"publish","type":"page","link":"https:\/\/www.gsa-ziegelmeyer.de\/index.php\/profil\/","title":{"rendered":"Profil"},"content":{"rendered":"<h1>Profil<\/h1>\n<h1>\n<div class=\"clear\"><\/div><div class=\"gdl-divider gdl-border-x top\"><div class=\"scroll-top\"><\/div><\/div>\n<\/h1>\n<p><strong>Herzlich Willkommen auf gsa-ziegelmeyer.de<\/strong><\/p>\n<p>Ich freue mich Sie auf der Website der GSA Ziegelmeyer GmbH begr\u00fc\u00dfen zu d\u00fcrfen.<\/p>\n<p>Seit mehr als 25 Jahren bin ich f\u00fcr Kommunen und private Auftraggeber in allen relevanten<br \/>\nBereichen des Schallimmissionsschutzes sowie der Bau- und Raumakustik gutachterlich t\u00e4tig.<\/p>\n<p>Messungen und L\u00e4rmmonitoring im Umkreis von Baustellen, Immissionsprognosen f\u00fcr Genehmigungsverfahren, fachliche Beratungen im Rahmen von Bauleitplanverfahren, sowie gutachterliche T\u00e4tigkeiten in Gerichtsverfahren geh\u00f6ren zu unserem Leistungsprofil.<br \/>\nHier kann auf weitreichende Erfahrungen zur\u00fcckgegriffen werden. Auf den folgenden Seiten<br \/>\nm\u00f6chten wir Ihnen einen \u00dcberblick \u00fcber das Leistungsspektrum der GSA Ziegelmeyer GmbH<br \/>\nin den Bereichen des L\u00e4rmschutzes geben.<br \/>\nWir freuen uns von Ihnen zu h\u00f6ren.<\/p>\n<p>Reinhard Ziegelmeyer und Team<\/p>\n","protected":false},"excerpt":{"rendered":"<p>Profil Herzlich Willkommen auf gsa-ziegelmeyer.de Ich freue mich Sie auf der Website der GSA Ziegelmeyer GmbH begr\u00fc\u00dfen zu d\u00fcrfen. Seit mehr als 25 Jahren bin ich f\u00fcr Kommunen und private Auftraggeber in allen relevanten Bereichen des Schallimmissionsschutzes sowie der Bau- und Raumakustik gutachterlich t\u00e4tig. Messungen und L\u00e4rmmonitoring im Umkreis von Baustellen, Immissionsprognosen f\u00fcr Genehmigungsverfahren, fachliche Beratungen im Rahmen von Bauleitplanverfahren, sowie gutachterliche T\u00e4tigkeiten in Gerichtsverfahren geh\u00f6ren zu unserem Leistungsprofil. Hier kann auf weitreichende Erfahrungen zur\u00fcckgegriffen werden. Auf den folgenden Seiten m\u00f6chten wir Ihnen einen \u00dcberblick \u00fcber das Leistungsspektrum der GSA Ziegelmeyer GmbH in den Bereichen des L\u00e4rmschutzes geben. Wir freuen uns von Ihnen zu h\u00f6ren. Reinhard Ziegelmeyer und Team<\/p>\n","protected":false},"author":1,"featured_media":0,"parent":0,"menu_order":0,"comment_status":"open","ping_status":"open","template":"","meta":{"footnotes":""},"class_list":["post-6","page","type-page","status-publish","hentry"],"_links":{"self":[{"href":"https:\/\/www.gsa-ziegelmeyer.de\/index.php\/wp-json\/wp\/v2\/pages\/6","targetHints":{"allow":["GET"]}}],"collection":[{"href":"https:\/\/www.gsa-ziegelmeyer.de\/index.php\/wp-json\/wp\/v2\/pages"}],"about":[{"href":"https:\/\/www.gsa-ziegelmeyer.de\/index.php\/wp-json\/wp\/v2\/types\/page"}],"author":[{"embeddable":true,"href":"https:\/\/www.gsa-ziegelmeyer.de\/index.php\/wp-json\/wp\/v2\/users\/1"}],"replies":[{"embeddable":true,"href":"https:\/\/www.gsa-ziegelmeyer.de\/index.php\/wp-json\/wp\/v2\/comments?post=6"}],"version-history":[{"count":61,"href":"https:\/\/www.gsa-ziegelmeyer.de\/index.php\/wp-json\/wp\/v2\/pages\/6\/revisions"}],"predecessor-version":[{"id":535,"href":"https:\/\/www.gsa-ziegelmeyer.de\/index.php\/wp-json\/wp\/v2\/pages\/6\/revisions\/535"}],"wp:attachment":[{"href":"https:\/\/www.gsa-ziegelmeyer.de\/index.php\/wp-json\/wp\/v2\/media?parent=6"}],"curies":[{"name":"wp","href":"https:\/\/api.w.org\/{rel}","templated":true}]}}